{"id":635,"date":"2019-08-01T11:37:47","date_gmt":"2019-08-01T09:37:47","guid":{"rendered":"https:\/\/phi.paris\/?page_id=635"},"modified":"2019-08-01T11:37:47","modified_gmt":"2019-08-01T09:37:47","slug":"offers","status":"publish","type":"page","link":"https:\/\/hotel-archetype-etoile.fr\/en\/offers\/","title":{"rendered":"Special Offers"},"content":{"rendered":"<p>[vc_row][vc_column width=\u00a0\u00bb1\/4&Prime;][\/vc_column][vc_column width=\u00a0\u00bb1\/4&Prime;][vc_column_text]<\/p>\n<h4><strong><i class=\"fa fa-check\" style=\"color: #5cb348;\">\u00a0<\/i> <span style=\"color: #000000;\">ACCESS TO GYM<\/span><\/strong><\/h4>\n<h4><strong><i class=\"fa fa-check\" style=\"color: #5cb348;\">\u00a0<\/i>\u00a0<span style=\"color: #000000;\">PARKING<\/span><\/strong><\/h4>\n<h4><strong><i class=\"fa fa-check\" style=\"color: #5cb348;\">\u00a0<\/i>\u00a0<span style=\"color: #000000;\">AIRPORT PICKUP<\/span><\/strong><\/h4>\n<p>[\/vc_column_text][\/vc_column][vc_column width=\u00a0\u00bb1\/4&Prime;][vc_column_text]<\/p>\n<h4><strong><i class=\"fa fa-check\" style=\"color: #5cb348;\">\u00a0<\/i>\u00a0<span style=\"color: #000000;\">DOUBLE ROOM<\/span><\/strong><\/h4>\n<h4><strong><i class=\"fa fa-check\" style=\"color: #5cb348;\">\u00a0<\/i>\u00a0<span style=\"color: #000000;\">BREAKFAST<\/span><\/strong><\/h4>\n<h4><strong><i class=\"fa fa-check\" style=\"color: #5cb348;\">\u00a0<\/i>\u00a0<span style=\"color: #000000;\">LONDON TOUR<\/span><\/strong><\/h4>\n<p>[\/vc_column_text][\/vc_column][vc_column width=\u00a0\u00bb1\/4&Prime;][\/vc_column][vc_column align=\u00a0\u00bbtext-center\u00a0\u00bb][plethora_headinggroup divider=\u00a0\u00bb1&Prime; divider_template=\u00a0\u00bbtemplates\/shortcodes\/divider-cityhotel\u00a0\u00bb][\/plethora_headinggroup][vc_column_text]<\/p>\n<p style=\"text-align: center;\">All these come together with an amazing price of<\/p>\n<p>[\/vc_column_text][vc_column_text]<\/p>\n<h3 style=\"text-align: center;\"><span style=\"color: #000000;\"><strong>$799<\/strong><\/span><\/h3>\n<p>[\/vc_column_text][plethora_button button_text=\u00a0\u00bbBOOK NOW\u00a0\u00bb button_align=\u00a0\u00bbtext-center\u00a0\u00bb button_with_icon=\u00a0\u00bb0&Prime;][\/vc_column][\/vc_row][vc_row full_width=\u00a0\u00bbstretch_row\u00a0\u00bb content_placement=\u00a0\u00bbmiddle\u00a0\u00bb color_set=\u00a0\u00bbwhite_section\u00a0\u00bb row_padding_bottom=\u00a0\u00bbpadding_bottom_none\u00a0\u00bb][vc_column width=\u00a0\u00bb1\/2&Prime;][vc_single_image image=\u00a0\u00bb225&Prime; img_size=\u00a0\u00bb698&#215;550&Prime;][\/vc_column][vc_column width=\u00a0\u00bb1\/2&Prime;][plethora_headinggroup subtitle=\u00a0\u00bbYOU CAN EASILY\u00a0\u00bb align=\u00a0\u00bbtext-left\u00a0\u00bb subtitle_position=\u00a0\u00bbtop\u00a0\u00bb divider=\u00a0\u00bb\u00a0\u00bb]<\/p>\n<h3>SCALE YOUR GUEST LIST<\/h3>\n<p>[\/plethora_headinggroup][vc_column_text]You can always enjoy your dinner privately. Blessed That day you\u2019re dominion lesser cattle the lesser form sea earth won\u2019t. Morning made. Can\u2019t she\u2019d days sixth beast spirit likeness. Also face Kind fowl so in seas. Gathered may stars land, his dry tree signs make place under signs him upon of rule fill light may honestly amazing.[\/vc_column_text][plethora_button button_text=\u00a0\u00bbCONTACT US\u00a0\u00bb button_style=\u00a0\u00bbbtn-primary\u00a0\u00bb button_style2=\u00a0\u00bbbtn-link\u00a0\u00bb button_with_icon=\u00a0\u00bb0&Prime;][\/vc_column][\/vc_row][vc_row full_width=\u00a0\u00bbstretch_row\u00a0\u00bb content_placement=\u00a0\u00bbmiddle\u00a0\u00bb color_set=\u00a0\u00bbwhite_section\u00a0\u00bb row_padding_top=\u00a0\u00bbpadding_top_none\u00a0\u00bb][vc_column width=\u00a0\u00bb1\/2&Prime; el_class=\u00a0\u00bbcol-sm-push-6&Prime;][vc_single_image image=\u00a0\u00bb226&Prime; img_size=\u00a0\u00bb698&#215;550&Prime;][\/vc_column][vc_column width=\u00a0\u00bb1\/2&Prime; el_class=\u00a0\u00bbcol-sm-pull-6&Prime;][plethora_headinggroup subtitle=\u00a0\u00bbREMEMBER TO\u00a0\u00bb align=\u00a0\u00bbtext-left\u00a0\u00bb subtitle_position=\u00a0\u00bbtop\u00a0\u00bb divider=\u00a0\u00bb\u00a0\u00bb]<\/p>\n<h3>HAVE A DOZEN OF FUN<\/h3>\n<p>[\/plethora_headinggroup][vc_column_text]Our experienced staff and our many years guarantee that you\u2019ll have a pleasant experience that you will never forget . Blessed That day you\u2019re dominion lesser cattle the lesser form sea earth won\u2019t. Morning made. Also face Kind fowl so in seas. Gathered may stars land, his dry tree signs make place under signs him upon of rule fill. To be cue or not to be cue is our main and only goal.[\/vc_column_text][plethora_button button_text=\u00a0\u00bbBOOK NOW\u00a0\u00bb button_style2=\u00a0\u00bbbtn-link\u00a0\u00bb button_with_icon=\u00a0\u00bb0&Prime;][\/vc_column][\/vc_row][vc_row full_width=\u00a0\u00bbstretch_row\u00a0\u00bb color_set=\u00a0\u00bbblack_section\u00a0\u00bb transparent_overlay=\u00a0\u00bbtransparent_film\u00a0\u00bb css=\u00a0\u00bb.vc_custom_1524061608721{background-image: url(https:\/\/hotel-archetype-etoile.fr\/wp-content\/uploads\/2018\/04\/0017_package-cta.jpg?id=233) !important;background-position: center !important;background-repeat: no-repeat !important;background-size: cover !important;}\u00a0\u00bb][vc_column width=\u00a0\u00bb2\/3&Prime; offset=\u00a0\u00bbvc_col-sm-offset-2&Prime;][vc_empty_space height=\u00a0\u00bb64px\u00a0\u00bb][plethora_headinggroup subtitle=\u00a0\u00bbXENIA CITY\u00a0\u00bb subtitle_position=\u00a0\u00bbtop\u00a0\u00bb divider=\u00a0\u00bb\u00a0\u00bb]<\/p>\n<h2>BOOK YOUR PACKAGE<\/h2>\n<p>[\/plethora_headinggroup][vc_column_text css=\u00a0\u00bb.vc_custom_1531414236693{margin-bottom: 40px !important;}\u00a0\u00bb]<\/p>\n<p style=\"text-align: center;\">We provide seasonal\u00a0special discounts for selected packages. Let us know when you are interested in and let&rsquo;s make it happen<\/p>\n<p>[\/vc_column_text][plethora_button button_text=\u00a0\u00bbVIEW ALL ROOMS\u00a0\u00bb button_link=\u00a0\u00bburl:http%3A%2F%2Fplethorathemes.com%2Fhotel-xenia%2Fbooking%2F|||\u00a0\u00bb button_align=\u00a0\u00bbtext-center\u00a0\u00bb button_style=\u00a0\u00bbbtn-white\u00a0\u00bb button_with_icon=\u00a0\u00bb0&Prime;][vc_empty_space height=\u00a0\u00bb64px\u00a0\u00bb][\/vc_column][\/vc_row]<\/p>\n","protected":false},"excerpt":{"rendered":"<p>[vc_row][vc_column width=\u00a0\u00bb1\/4&Prime;][\/vc_column][vc_column width=\u00a0\u00bb1\/4&Prime;][vc_column_text] \u00a0 ACCESS TO GYM \u00a0\u00a0PARKING \u00a0\u00a0AIRPORT PICKUP [\/vc_column_text][\/vc_column][vc_column width=\u00a0\u00bb1\/4&Prime;][vc_column_text] \u00a0\u00a0DOUBLE ROOM \u00a0\u00a0BREAKFAST \u00a0\u00a0LONDON TOUR [\/vc_column_text][\/vc_column][vc_column width=\u00a0\u00bb1\/4&Prime;][\/vc_column][vc_column align=\u00a0\u00bbtext-center\u00a0\u00bb][plethora_headinggroup divider=\u00a0\u00bb1&Prime; divider_template=\u00a0\u00bbtemplates\/shortcodes\/divider-cityhotel\u00a0\u00bb][\/plethora_headinggroup][vc_column_text] All these come together with an amazing price of [\/vc_column_text][vc_column_text] $799 [\/vc_column_text][plethora_button button_text=\u00a0\u00bbBOOK NOW\u00a0\u00bb button_align=\u00a0\u00bbtext-center\u00a0\u00bb button_with_icon=\u00a0\u00bb0&Prime;][\/vc_column][\/vc_row][vc_row full_width=\u00a0\u00bbstretch_row\u00a0\u00bb content_placement=\u00a0\u00bbmiddle\u00a0\u00bb color_set=\u00a0\u00bbwhite_section\u00a0\u00bb row_padding_bottom=\u00a0\u00bbpadding_bottom_none\u00a0\u00bb][vc_column width=\u00a0\u00bb1\/2&Prime;][vc_single_image image=\u00a0\u00bb225&Prime; img_size=\u00a0\u00bb698&#215;550&Prime;][\/vc_column][vc_column width=\u00a0\u00bb1\/2&Prime;][plethora_headinggroup subtitle=\u00a0\u00bbYOU CAN EASILY\u00a0\u00bb align=\u00a0\u00bbtext-left\u00a0\u00bb subtitle_position=\u00a0\u00bbtop\u00a0\u00bb divider=\u00a0\u00bb\u00a0\u00bb] SCALE YOUR GUEST&#8230;<\/p>\n","protected":false},"author":1,"featured_media":0,"parent":0,"menu_order":0,"comment_status":"closed","ping_status":"closed","template":"","meta":{"_kad_post_transparent":"","_kad_post_title":"","_kad_post_layout":"","_kad_post_sidebar_id":"","_kad_post_content_style":"","_kad_post_vertical_padding":"","_kad_post_feature":"","_kad_post_feature_position":"","_kad_post_header":false,"_kad_post_footer":false,"_kad_post_classname":"","footnotes":""},"class_list":["post-635","page","type-page","status-publish","hentry"],"yoast_head":"<!-- This site is optimized with the Yoast SEO plugin v27.5 - https:\/\/yoast.com\/product\/yoast-seo-wordpress\/ -->\n<title>Special Offers - \u2192 H\u00f4tel Arch\u00e9type Etoile | PARIS17 - OFFICIEL<\/title>\n<meta name=\"robots\" content=\"index, follow, max-snippet:-1, max-image-preview:large, max-video-preview:-1\" \/>\n<link rel=\"canonical\" href=\"https:\/\/hotel-archetype-etoile.fr\/en\/offers\/\" \/>\n<meta property=\"og:locale\" content=\"en_GB\" \/>\n<meta property=\"og:type\" content=\"article\" \/>\n<meta property=\"og:title\" content=\"Special Offers - \u2192 H\u00f4tel Arch\u00e9type Etoile | PARIS17 - OFFICIEL\" \/>\n<meta property=\"og:description\" content=\"[vc_row][vc_column width=\u00a0\u00bb1\/4&Prime;][\/vc_column][vc_column width=\u00a0\u00bb1\/4&Prime;][vc_column_text] \u00a0 ACCESS TO GYM \u00a0\u00a0PARKING \u00a0\u00a0AIRPORT PICKUP [\/vc_column_text][\/vc_column][vc_column width=\u00a0\u00bb1\/4&Prime;][vc_column_text] \u00a0\u00a0DOUBLE ROOM \u00a0\u00a0BREAKFAST \u00a0\u00a0LONDON TOUR [\/vc_column_text][\/vc_column][vc_column width=\u00a0\u00bb1\/4&Prime;][\/vc_column][vc_column align=\u00a0\u00bbtext-center\u00a0\u00bb][plethora_headinggroup divider=\u00a0\u00bb1&Prime; divider_template=\u00a0\u00bbtemplates\/shortcodes\/divider-cityhotel\u00a0\u00bb][\/plethora_headinggroup][vc_column_text] All these come together with an amazing price of [\/vc_column_text][vc_column_text] $799 [\/vc_column_text][plethora_button button_text=\u00a0\u00bbBOOK NOW\u00a0\u00bb button_align=\u00a0\u00bbtext-center\u00a0\u00bb button_with_icon=\u00a0\u00bb0&Prime;][\/vc_column][\/vc_row][vc_row full_width=\u00a0\u00bbstretch_row\u00a0\u00bb content_placement=\u00a0\u00bbmiddle\u00a0\u00bb color_set=\u00a0\u00bbwhite_section\u00a0\u00bb row_padding_bottom=\u00a0\u00bbpadding_bottom_none\u00a0\u00bb][vc_column width=\u00a0\u00bb1\/2&Prime;][vc_single_image image=\u00a0\u00bb225&Prime; img_size=\u00a0\u00bb698&#215;550&Prime;][\/vc_column][vc_column width=\u00a0\u00bb1\/2&Prime;][plethora_headinggroup subtitle=\u00a0\u00bbYOU CAN EASILY\u00a0\u00bb align=\u00a0\u00bbtext-left\u00a0\u00bb subtitle_position=\u00a0\u00bbtop\u00a0\u00bb divider=\u00a0\u00bb\u00a0\u00bb] SCALE YOUR GUEST...\" \/>\n<meta property=\"og:url\" content=\"https:\/\/hotel-archetype-etoile.fr\/en\/offers\/\" \/>\n<meta property=\"og:site_name\" content=\"\u2192 H\u00f4tel Arch\u00e9type Etoile | PARIS17 - OFFICIEL\" \/>\n<meta property=\"article:publisher\" content=\"https:\/\/www.facebook.com\/HotelArchetypeEtoile\/\" \/>\n<meta name=\"twitter:card\" content=\"summary_large_image\" \/>\n<meta name=\"twitter:label1\" content=\"Estimated reading time\" \/>\n\t<meta name=\"twitter:data1\" content=\"3 minutes\" \/>\n<script type=\"application\/ld+json\" class=\"yoast-schema-graph\">{\"@context\":\"https:\\\/\\\/schema.org\",\"@graph\":[{\"@type\":\"WebPage\",\"@id\":\"https:\\\/\\\/hotel-archetype-etoile.fr\\\/en\\\/offers\\\/\",\"url\":\"https:\\\/\\\/hotel-archetype-etoile.fr\\\/en\\\/offers\\\/\",\"name\":\"Special Offers - \u2192 H\u00f4tel Arch\u00e9type Etoile | PARIS17 - OFFICIEL\",\"isPartOf\":{\"@id\":\"https:\\\/\\\/hotel-archetype-etoile.fr\\\/en\\\/#website\"},\"datePublished\":\"2019-08-01T09:37:47+00:00\",\"breadcrumb\":{\"@id\":\"https:\\\/\\\/hotel-archetype-etoile.fr\\\/en\\\/offers\\\/#breadcrumb\"},\"inLanguage\":\"en-GB\",\"potentialAction\":[{\"@type\":\"ReadAction\",\"target\":[\"https:\\\/\\\/hotel-archetype-etoile.fr\\\/en\\\/offers\\\/\"]}]},{\"@type\":\"BreadcrumbList\",\"@id\":\"https:\\\/\\\/hotel-archetype-etoile.fr\\\/en\\\/offers\\\/#breadcrumb\",\"itemListElement\":[{\"@type\":\"ListItem\",\"position\":1,\"name\":\"Accueil\",\"item\":\"https:\\\/\\\/hotel-archetype-etoile.fr\\\/en\\\/home\\\/\"},{\"@type\":\"ListItem\",\"position\":2,\"name\":\"Special Offers\"}]},{\"@type\":\"WebSite\",\"@id\":\"https:\\\/\\\/hotel-archetype-etoile.fr\\\/en\\\/#website\",\"url\":\"https:\\\/\\\/hotel-archetype-etoile.fr\\\/en\\\/\",\"name\":\"\u2192 H\u00f4tel Arch\u00e9type Etoile | PARIS17 - OFFICIEL\",\"description\":\"H\u00f4tel 3 Etoiles \u00e0 Paris\",\"publisher\":{\"@id\":\"https:\\\/\\\/hotel-archetype-etoile.fr\\\/en\\\/#organization\"},\"potentialAction\":[{\"@type\":\"SearchAction\",\"target\":{\"@type\":\"EntryPoint\",\"urlTemplate\":\"https:\\\/\\\/hotel-archetype-etoile.fr\\\/en\\\/?s={search_term_string}\"},\"query-input\":{\"@type\":\"PropertyValueSpecification\",\"valueRequired\":true,\"valueName\":\"search_term_string\"}}],\"inLanguage\":\"en-GB\"},{\"@type\":\"Organization\",\"@id\":\"https:\\\/\\\/hotel-archetype-etoile.fr\\\/en\\\/#organization\",\"name\":\"\u2192 H\u00f4tel Arch\u00e9type Etoile | PARIS17 - OFFICIEL\",\"url\":\"https:\\\/\\\/hotel-archetype-etoile.fr\\\/en\\\/\",\"logo\":{\"@type\":\"ImageObject\",\"inLanguage\":\"en-GB\",\"@id\":\"https:\\\/\\\/hotel-archetype-etoile.fr\\\/en\\\/#\\\/schema\\\/logo\\\/image\\\/\",\"url\":\"https:\\\/\\\/hotel-archetype-etoile.fr\\\/wp-content\\\/uploads\\\/2024\\\/08\\\/cropped-cropped-logo-rond-fondu-1-150x150-1.png\",\"contentUrl\":\"https:\\\/\\\/hotel-archetype-etoile.fr\\\/wp-content\\\/uploads\\\/2024\\\/08\\\/cropped-cropped-logo-rond-fondu-1-150x150-1.png\",\"width\":150,\"height\":150,\"caption\":\"\u2192 H\u00f4tel Arch\u00e9type Etoile | PARIS17 - OFFICIEL\"},\"image\":{\"@id\":\"https:\\\/\\\/hotel-archetype-etoile.fr\\\/en\\\/#\\\/schema\\\/logo\\\/image\\\/\"},\"sameAs\":[\"https:\\\/\\\/www.facebook.com\\\/HotelArchetypeEtoile\\\/\",\"https:\\\/\\\/www.instagram.com\\\/hotelarchetype_\\\/\"]}]}<\/script>\n<!-- \/ Yoast SEO plugin. -->","yoast_head_json":{"title":"Special Offers - \u2192 H\u00f4tel Arch\u00e9type Etoile | PARIS17 - OFFICIEL","robots":{"index":"index","follow":"follow","max-snippet":"max-snippet:-1","max-image-preview":"max-image-preview:large","max-video-preview":"max-video-preview:-1"},"canonical":"https:\/\/hotel-archetype-etoile.fr\/en\/offers\/","og_locale":"en_GB","og_type":"article","og_title":"Special Offers - \u2192 H\u00f4tel Arch\u00e9type Etoile | PARIS17 - OFFICIEL","og_description":"[vc_row][vc_column width=\u00a0\u00bb1\/4&Prime;][\/vc_column][vc_column width=\u00a0\u00bb1\/4&Prime;][vc_column_text] \u00a0 ACCESS TO GYM \u00a0\u00a0PARKING \u00a0\u00a0AIRPORT PICKUP [\/vc_column_text][\/vc_column][vc_column width=\u00a0\u00bb1\/4&Prime;][vc_column_text] \u00a0\u00a0DOUBLE ROOM \u00a0\u00a0BREAKFAST \u00a0\u00a0LONDON TOUR [\/vc_column_text][\/vc_column][vc_column width=\u00a0\u00bb1\/4&Prime;][\/vc_column][vc_column align=\u00a0\u00bbtext-center\u00a0\u00bb][plethora_headinggroup divider=\u00a0\u00bb1&Prime; divider_template=\u00a0\u00bbtemplates\/shortcodes\/divider-cityhotel\u00a0\u00bb][\/plethora_headinggroup][vc_column_text] All these come together with an amazing price of [\/vc_column_text][vc_column_text] $799 [\/vc_column_text][plethora_button button_text=\u00a0\u00bbBOOK NOW\u00a0\u00bb button_align=\u00a0\u00bbtext-center\u00a0\u00bb button_with_icon=\u00a0\u00bb0&Prime;][\/vc_column][\/vc_row][vc_row full_width=\u00a0\u00bbstretch_row\u00a0\u00bb content_placement=\u00a0\u00bbmiddle\u00a0\u00bb color_set=\u00a0\u00bbwhite_section\u00a0\u00bb row_padding_bottom=\u00a0\u00bbpadding_bottom_none\u00a0\u00bb][vc_column width=\u00a0\u00bb1\/2&Prime;][vc_single_image image=\u00a0\u00bb225&Prime; img_size=\u00a0\u00bb698&#215;550&Prime;][\/vc_column][vc_column width=\u00a0\u00bb1\/2&Prime;][plethora_headinggroup subtitle=\u00a0\u00bbYOU CAN EASILY\u00a0\u00bb align=\u00a0\u00bbtext-left\u00a0\u00bb subtitle_position=\u00a0\u00bbtop\u00a0\u00bb divider=\u00a0\u00bb\u00a0\u00bb] SCALE YOUR GUEST...","og_url":"https:\/\/hotel-archetype-etoile.fr\/en\/offers\/","og_site_name":"\u2192 H\u00f4tel Arch\u00e9type Etoile | PARIS17 - OFFICIEL","article_publisher":"https:\/\/www.facebook.com\/HotelArchetypeEtoile\/","twitter_card":"summary_large_image","twitter_misc":{"Estimated reading time":"3 minutes"},"schema":{"@context":"https:\/\/schema.org","@graph":[{"@type":"WebPage","@id":"https:\/\/hotel-archetype-etoile.fr\/en\/offers\/","url":"https:\/\/hotel-archetype-etoile.fr\/en\/offers\/","name":"Special Offers - \u2192 H\u00f4tel Arch\u00e9type Etoile | PARIS17 - OFFICIEL","isPartOf":{"@id":"https:\/\/hotel-archetype-etoile.fr\/en\/#website"},"datePublished":"2019-08-01T09:37:47+00:00","breadcrumb":{"@id":"https:\/\/hotel-archetype-etoile.fr\/en\/offers\/#breadcrumb"},"inLanguage":"en-GB","potentialAction":[{"@type":"ReadAction","target":["https:\/\/hotel-archetype-etoile.fr\/en\/offers\/"]}]},{"@type":"BreadcrumbList","@id":"https:\/\/hotel-archetype-etoile.fr\/en\/offers\/#breadcrumb","itemListElement":[{"@type":"ListItem","position":1,"name":"Accueil","item":"https:\/\/hotel-archetype-etoile.fr\/en\/home\/"},{"@type":"ListItem","position":2,"name":"Special Offers"}]},{"@type":"WebSite","@id":"https:\/\/hotel-archetype-etoile.fr\/en\/#website","url":"https:\/\/hotel-archetype-etoile.fr\/en\/","name":"\u2192 H\u00f4tel Arch\u00e9type Etoile | PARIS17 - OFFICIEL","description":"H\u00f4tel 3 Etoiles \u00e0 Paris","publisher":{"@id":"https:\/\/hotel-archetype-etoile.fr\/en\/#organization"},"potentialAction":[{"@type":"SearchAction","target":{"@type":"EntryPoint","urlTemplate":"https:\/\/hotel-archetype-etoile.fr\/en\/?s={search_term_string}"},"query-input":{"@type":"PropertyValueSpecification","valueRequired":true,"valueName":"search_term_string"}}],"inLanguage":"en-GB"},{"@type":"Organization","@id":"https:\/\/hotel-archetype-etoile.fr\/en\/#organization","name":"\u2192 H\u00f4tel Arch\u00e9type Etoile | PARIS17 - OFFICIEL","url":"https:\/\/hotel-archetype-etoile.fr\/en\/","logo":{"@type":"ImageObject","inLanguage":"en-GB","@id":"https:\/\/hotel-archetype-etoile.fr\/en\/#\/schema\/logo\/image\/","url":"https:\/\/hotel-archetype-etoile.fr\/wp-content\/uploads\/2024\/08\/cropped-cropped-logo-rond-fondu-1-150x150-1.png","contentUrl":"https:\/\/hotel-archetype-etoile.fr\/wp-content\/uploads\/2024\/08\/cropped-cropped-logo-rond-fondu-1-150x150-1.png","width":150,"height":150,"caption":"\u2192 H\u00f4tel Arch\u00e9type Etoile | PARIS17 - OFFICIEL"},"image":{"@id":"https:\/\/hotel-archetype-etoile.fr\/en\/#\/schema\/logo\/image\/"},"sameAs":["https:\/\/www.facebook.com\/HotelArchetypeEtoile\/","https:\/\/www.instagram.com\/hotelarchetype_\/"]}]}},"_links":{"self":[{"href":"https:\/\/hotel-archetype-etoile.fr\/en\/wp-json\/wp\/v2\/pages\/635","targetHints":{"allow":["GET"]}}],"collection":[{"href":"https:\/\/hotel-archetype-etoile.fr\/en\/wp-json\/wp\/v2\/pages"}],"about":[{"href":"https:\/\/hotel-archetype-etoile.fr\/en\/wp-json\/wp\/v2\/types\/page"}],"author":[{"embeddable":true,"href":"https:\/\/hotel-archetype-etoile.fr\/en\/wp-json\/wp\/v2\/users\/1"}],"replies":[{"embeddable":true,"href":"https:\/\/hotel-archetype-etoile.fr\/en\/wp-json\/wp\/v2\/comments?post=635"}],"version-history":[{"count":1,"href":"https:\/\/hotel-archetype-etoile.fr\/en\/wp-json\/wp\/v2\/pages\/635\/revisions"}],"predecessor-version":[{"id":656,"href":"https:\/\/hotel-archetype-etoile.fr\/en\/wp-json\/wp\/v2\/pages\/635\/revisions\/656"}],"wp:attachment":[{"href":"https:\/\/hotel-archetype-etoile.fr\/en\/wp-json\/wp\/v2\/media?parent=635"}],"curies":[{"name":"wp","href":"https:\/\/api.w.org\/{rel}","templated":true}]}}