{"id":2106,"date":"2024-10-28T12:18:18","date_gmt":"2024-10-28T11:18:18","guid":{"rendered":"https:\/\/hotel-archetype-etoile.fr\/?page_id=2106"},"modified":"2024-10-28T12:19:01","modified_gmt":"2024-10-28T11:19:01","slug":"e-concierge","status":"publish","type":"page","link":"https:\/\/hotel-archetype-etoile.fr\/en\/e-concierge\/","title":{"rendered":"E-concierge"},"content":{"rendered":"<style>.kb-row-layout-id2106_dcb428-d8 > .kt-row-column-wrap{align-content:start;}:where(.kb-row-layout-id2106_dcb428-d8 > .kt-row-column-wrap) > .wp-block-kadence-column{justify-content:start;}.kb-row-layout-id2106_dcb428-d8 > .kt-row-column-wrap{column-gap:var(--global-kb-gap-md, 2rem);row-gap:var(--global-kb-gap-md, 2rem);max-width:var( --global-content-width, 2000px );padding-left:var(--global-content-edge-padding);padding-right:var(--global-content-edge-padding);padding-top:0%;padding-right:0%;padding-bottom:0%;padding-left:0%;grid-template-columns:minmax(0, 1fr);}.kb-row-layout-id2106_dcb428-d8 > .kt-row-layout-overlay{opacity:0.30;}@media all and (max-width: 1024px){.kb-row-layout-id2106_dcb428-d8 > .kt-row-column-wrap{grid-template-columns:minmax(0, 1fr);}}@media all and (max-width: 767px){.kb-row-layout-id2106_dcb428-d8 > .kt-row-column-wrap{padding-right:0%;padding-bottom:0%;padding-left:0%;grid-template-columns:minmax(0, 1fr);}}<\/style><section class=\"kb-row-layout-wrap kb-row-layout-id2106_dcb428-d8 alignfull wp-block-kadence-rowlayout\"><div class=\"kt-row-column-wrap kt-has-1-columns kt-row-layout-equal kt-tab-layout-inherit kt-mobile-layout-row kt-row-valign-top kb-theme-content-width\">\n<style>.kadence-column2106_f1341a-37{max-width:2000px;margin-left:auto;margin-right:auto;}.wp-block-kadence-column.kb-section-dir-horizontal:not(.kb-section-md-dir-vertical)>.kt-inside-inner-col>.kadence-column2106_f1341a-37{-webkit-flex:0 1 2000px;flex:0 1 2000px;max-width:unset;margin-left:unset;margin-right:unset;}.kadence-column2106_f1341a-37 > .kt-inside-inner-col{padding-right:0%;padding-left:0%;}.kadence-column2106_f1341a-37 > .kt-inside-inner-col,.kadence-column2106_f1341a-37 > .kt-inside-inner-col:before{border-top-left-radius:0px;border-top-right-radius:0px;border-bottom-right-radius:0px;border-bottom-left-radius:0px;}.kadence-column2106_f1341a-37 > .kt-inside-inner-col{column-gap:var(--global-kb-gap-sm, 1rem);}.kadence-column2106_f1341a-37 > .kt-inside-inner-col{flex-direction:column;}.kadence-column2106_f1341a-37 > .kt-inside-inner-col > .aligncenter{width:100%;}.kadence-column2106_f1341a-37 > .kt-inside-inner-col:before{opacity:0.3;}.kadence-column2106_f1341a-37{position:relative;}.kadence-column2106_f1341a-37, .kt-inside-inner-col > .kadence-column2106_f1341a-37:not(.specificity){margin-right:0px;margin-left:0px;}@media all and (min-width: 1025px){.wp-block-kadence-column.kb-section-dir-horizontal>.kt-inside-inner-col>.kadence-column2106_f1341a-37{-webkit-flex:0 1 2000px;flex:0 1 2000px;max-width:unset;margin-left:unset;margin-right:unset;}}@media all and (max-width: 1024px){.kadence-column2106_f1341a-37 > .kt-inside-inner-col{flex-direction:column;justify-content:center;}}@media all and (max-width: 767px){.wp-block-kadence-column.kb-section-sm-dir-vertical:not(.kb-section-sm-dir-horizontal):not(.kb-section-sm-dir-specificity)>.kt-inside-inner-col>.kadence-column2106_f1341a-37{max-width:2000px;-webkit-flex:1;flex:1;margin-left:auto;margin-right:auto;}.kadence-column2106_f1341a-37 > .kt-inside-inner-col{flex-direction:column;justify-content:center;}}<\/style>\n<div class=\"wp-block-kadence-column kadence-column2106_f1341a-37\"><div class=\"kt-inside-inner-col\">\n<div class=\"iframe-container\">\n    <iframe src=\"https:\/\/hotelarchetypeetoile.guide.paris\/en\" frameborder=\"0\" class=\"iframe\"><\/iframe>\n<\/div>\n<\/div><\/div>\n\n<\/div><\/section>","protected":false},"excerpt":{"rendered":"","protected":false},"author":3,"featured_media":0,"parent":0,"menu_order":0,"comment_status":"closed","ping_status":"closed","template":"","meta":{"_kad_post_transparent":"disable","_kad_post_title":"hide","_kad_post_layout":"fullwidth","_kad_post_sidebar_id":"","_kad_post_content_style":"unboxed","_kad_post_vertical_padding":"","_kad_post_feature":"","_kad_post_feature_position":"","_kad_post_header":false,"_kad_post_footer":false,"_kad_post_classname":"","footnotes":""},"class_list":["post-2106","page","type-page","status-publish","hentry"],"yoast_head":"<!-- This site is optimized with the Yoast SEO plugin v27.4 - https:\/\/yoast.com\/product\/yoast-seo-wordpress\/ -->\n<title>E-concierge - \u2192 H\u00f4tel Arch\u00e9type Etoile | PARIS17 - OFFICIEL<\/title>\n<meta name=\"description\" content=\"Book your activities in Paris directly via our partner, Mon Petit Paris. Museums, shows, guided tours and more.\" \/>\n<meta name=\"robots\" content=\"index, follow, max-snippet:-1, max-image-preview:large, max-video-preview:-1\" \/>\n<link rel=\"canonical\" href=\"https:\/\/hotel-archetype-etoile.fr\/en\/e-concierge\/\" \/>\n<meta property=\"og:locale\" content=\"en_GB\" \/>\n<meta property=\"og:type\" content=\"article\" \/>\n<meta property=\"og:title\" content=\"E-concierge - \u2192 H\u00f4tel Arch\u00e9type Etoile | PARIS17 - OFFICIEL\" \/>\n<meta property=\"og:description\" content=\"Book your activities in Paris directly via our partner, Mon Petit Paris. Museums, shows, guided tours and more.\" \/>\n<meta property=\"og:url\" content=\"https:\/\/hotel-archetype-etoile.fr\/en\/e-concierge\/\" \/>\n<meta property=\"og:site_name\" content=\"\u2192 H\u00f4tel Arch\u00e9type Etoile | PARIS17 - OFFICIEL\" \/>\n<meta property=\"article:publisher\" content=\"https:\/\/www.facebook.com\/HotelArchetypeEtoile\/\" \/>\n<meta property=\"article:modified_time\" content=\"2024-10-28T11:19:01+00:00\" \/>\n<meta name=\"twitter:card\" content=\"summary_large_image\" \/>\n<script type=\"application\/ld+json\" class=\"yoast-schema-graph\">{\"@context\":\"https:\\\/\\\/schema.org\",\"@graph\":[{\"@type\":\"WebPage\",\"@id\":\"https:\\\/\\\/hotel-archetype-etoile.fr\\\/en\\\/e-concierge\\\/\",\"url\":\"https:\\\/\\\/hotel-archetype-etoile.fr\\\/en\\\/e-concierge\\\/\",\"name\":\"E-concierge - \u2192 H\u00f4tel Arch\u00e9type Etoile | PARIS17 - OFFICIEL\",\"isPartOf\":{\"@id\":\"https:\\\/\\\/hotel-archetype-etoile.fr\\\/en\\\/#website\"},\"datePublished\":\"2024-10-28T11:18:18+00:00\",\"dateModified\":\"2024-10-28T11:19:01+00:00\",\"description\":\"Book your activities in Paris directly via our partner, Mon Petit Paris. Museums, shows, guided tours and more.\",\"breadcrumb\":{\"@id\":\"https:\\\/\\\/hotel-archetype-etoile.fr\\\/en\\\/e-concierge\\\/#breadcrumb\"},\"inLanguage\":\"en-GB\",\"potentialAction\":[{\"@type\":\"ReadAction\",\"target\":[\"https:\\\/\\\/hotel-archetype-etoile.fr\\\/en\\\/e-concierge\\\/\"]}]},{\"@type\":\"BreadcrumbList\",\"@id\":\"https:\\\/\\\/hotel-archetype-etoile.fr\\\/en\\\/e-concierge\\\/#breadcrumb\",\"itemListElement\":[{\"@type\":\"ListItem\",\"position\":1,\"name\":\"Accueil\",\"item\":\"https:\\\/\\\/hotel-archetype-etoile.fr\\\/en\\\/home\\\/\"},{\"@type\":\"ListItem\",\"position\":2,\"name\":\"E-concierge\"}]},{\"@type\":\"WebSite\",\"@id\":\"https:\\\/\\\/hotel-archetype-etoile.fr\\\/en\\\/#website\",\"url\":\"https:\\\/\\\/hotel-archetype-etoile.fr\\\/en\\\/\",\"name\":\"\u2192 H\u00f4tel Arch\u00e9type Etoile | PARIS17 - OFFICIEL\",\"description\":\"H\u00f4tel 3 Etoiles \u00e0 Paris\",\"publisher\":{\"@id\":\"https:\\\/\\\/hotel-archetype-etoile.fr\\\/en\\\/#organization\"},\"potentialAction\":[{\"@type\":\"SearchAction\",\"target\":{\"@type\":\"EntryPoint\",\"urlTemplate\":\"https:\\\/\\\/hotel-archetype-etoile.fr\\\/en\\\/?s={search_term_string}\"},\"query-input\":{\"@type\":\"PropertyValueSpecification\",\"valueRequired\":true,\"valueName\":\"search_term_string\"}}],\"inLanguage\":\"en-GB\"},{\"@type\":\"Organization\",\"@id\":\"https:\\\/\\\/hotel-archetype-etoile.fr\\\/en\\\/#organization\",\"name\":\"\u2192 H\u00f4tel Arch\u00e9type Etoile | PARIS17 - OFFICIEL\",\"url\":\"https:\\\/\\\/hotel-archetype-etoile.fr\\\/en\\\/\",\"logo\":{\"@type\":\"ImageObject\",\"inLanguage\":\"en-GB\",\"@id\":\"https:\\\/\\\/hotel-archetype-etoile.fr\\\/en\\\/#\\\/schema\\\/logo\\\/image\\\/\",\"url\":\"https:\\\/\\\/hotel-archetype-etoile.fr\\\/wp-content\\\/uploads\\\/2024\\\/08\\\/cropped-cropped-logo-rond-fondu-1-150x150-1.png\",\"contentUrl\":\"https:\\\/\\\/hotel-archetype-etoile.fr\\\/wp-content\\\/uploads\\\/2024\\\/08\\\/cropped-cropped-logo-rond-fondu-1-150x150-1.png\",\"width\":150,\"height\":150,\"caption\":\"\u2192 H\u00f4tel Arch\u00e9type Etoile | PARIS17 - OFFICIEL\"},\"image\":{\"@id\":\"https:\\\/\\\/hotel-archetype-etoile.fr\\\/en\\\/#\\\/schema\\\/logo\\\/image\\\/\"},\"sameAs\":[\"https:\\\/\\\/www.facebook.com\\\/HotelArchetypeEtoile\\\/\",\"https:\\\/\\\/www.instagram.com\\\/hotelarchetype_\\\/\"]}]}<\/script>\n<!-- \/ Yoast SEO plugin. -->","yoast_head_json":{"title":"E-concierge - \u2192 H\u00f4tel Arch\u00e9type Etoile | PARIS17 - OFFICIEL","description":"Book your activities in Paris directly via our partner, Mon Petit Paris. Museums, shows, guided tours and more.","robots":{"index":"index","follow":"follow","max-snippet":"max-snippet:-1","max-image-preview":"max-image-preview:large","max-video-preview":"max-video-preview:-1"},"canonical":"https:\/\/hotel-archetype-etoile.fr\/en\/e-concierge\/","og_locale":"en_GB","og_type":"article","og_title":"E-concierge - \u2192 H\u00f4tel Arch\u00e9type Etoile | PARIS17 - OFFICIEL","og_description":"Book your activities in Paris directly via our partner, Mon Petit Paris. Museums, shows, guided tours and more.","og_url":"https:\/\/hotel-archetype-etoile.fr\/en\/e-concierge\/","og_site_name":"\u2192 H\u00f4tel Arch\u00e9type Etoile | PARIS17 - OFFICIEL","article_publisher":"https:\/\/www.facebook.com\/HotelArchetypeEtoile\/","article_modified_time":"2024-10-28T11:19:01+00:00","twitter_card":"summary_large_image","schema":{"@context":"https:\/\/schema.org","@graph":[{"@type":"WebPage","@id":"https:\/\/hotel-archetype-etoile.fr\/en\/e-concierge\/","url":"https:\/\/hotel-archetype-etoile.fr\/en\/e-concierge\/","name":"E-concierge - \u2192 H\u00f4tel Arch\u00e9type Etoile | PARIS17 - OFFICIEL","isPartOf":{"@id":"https:\/\/hotel-archetype-etoile.fr\/en\/#website"},"datePublished":"2024-10-28T11:18:18+00:00","dateModified":"2024-10-28T11:19:01+00:00","description":"Book your activities in Paris directly via our partner, Mon Petit Paris. Museums, shows, guided tours and more.","breadcrumb":{"@id":"https:\/\/hotel-archetype-etoile.fr\/en\/e-concierge\/#breadcrumb"},"inLanguage":"en-GB","potentialAction":[{"@type":"ReadAction","target":["https:\/\/hotel-archetype-etoile.fr\/en\/e-concierge\/"]}]},{"@type":"BreadcrumbList","@id":"https:\/\/hotel-archetype-etoile.fr\/en\/e-concierge\/#breadcrumb","itemListElement":[{"@type":"ListItem","position":1,"name":"Accueil","item":"https:\/\/hotel-archetype-etoile.fr\/en\/home\/"},{"@type":"ListItem","position":2,"name":"E-concierge"}]},{"@type":"WebSite","@id":"https:\/\/hotel-archetype-etoile.fr\/en\/#website","url":"https:\/\/hotel-archetype-etoile.fr\/en\/","name":"\u2192 H\u00f4tel Arch\u00e9type Etoile | PARIS17 - OFFICIEL","description":"H\u00f4tel 3 Etoiles \u00e0 Paris","publisher":{"@id":"https:\/\/hotel-archetype-etoile.fr\/en\/#organization"},"potentialAction":[{"@type":"SearchAction","target":{"@type":"EntryPoint","urlTemplate":"https:\/\/hotel-archetype-etoile.fr\/en\/?s={search_term_string}"},"query-input":{"@type":"PropertyValueSpecification","valueRequired":true,"valueName":"search_term_string"}}],"inLanguage":"en-GB"},{"@type":"Organization","@id":"https:\/\/hotel-archetype-etoile.fr\/en\/#organization","name":"\u2192 H\u00f4tel Arch\u00e9type Etoile | PARIS17 - OFFICIEL","url":"https:\/\/hotel-archetype-etoile.fr\/en\/","logo":{"@type":"ImageObject","inLanguage":"en-GB","@id":"https:\/\/hotel-archetype-etoile.fr\/en\/#\/schema\/logo\/image\/","url":"https:\/\/hotel-archetype-etoile.fr\/wp-content\/uploads\/2024\/08\/cropped-cropped-logo-rond-fondu-1-150x150-1.png","contentUrl":"https:\/\/hotel-archetype-etoile.fr\/wp-content\/uploads\/2024\/08\/cropped-cropped-logo-rond-fondu-1-150x150-1.png","width":150,"height":150,"caption":"\u2192 H\u00f4tel Arch\u00e9type Etoile | PARIS17 - OFFICIEL"},"image":{"@id":"https:\/\/hotel-archetype-etoile.fr\/en\/#\/schema\/logo\/image\/"},"sameAs":["https:\/\/www.facebook.com\/HotelArchetypeEtoile\/","https:\/\/www.instagram.com\/hotelarchetype_\/"]}]}},"_links":{"self":[{"href":"https:\/\/hotel-archetype-etoile.fr\/en\/wp-json\/wp\/v2\/pages\/2106","targetHints":{"allow":["GET"]}}],"collection":[{"href":"https:\/\/hotel-archetype-etoile.fr\/en\/wp-json\/wp\/v2\/pages"}],"about":[{"href":"https:\/\/hotel-archetype-etoile.fr\/en\/wp-json\/wp\/v2\/types\/page"}],"author":[{"embeddable":true,"href":"https:\/\/hotel-archetype-etoile.fr\/en\/wp-json\/wp\/v2\/users\/3"}],"replies":[{"embeddable":true,"href":"https:\/\/hotel-archetype-etoile.fr\/en\/wp-json\/wp\/v2\/comments?post=2106"}],"version-history":[{"count":2,"href":"https:\/\/hotel-archetype-etoile.fr\/en\/wp-json\/wp\/v2\/pages\/2106\/revisions"}],"predecessor-version":[{"id":2108,"href":"https:\/\/hotel-archetype-etoile.fr\/en\/wp-json\/wp\/v2\/pages\/2106\/revisions\/2108"}],"wp:attachment":[{"href":"https:\/\/hotel-archetype-etoile.fr\/en\/wp-json\/wp\/v2\/media?parent=2106"}],"curies":[{"name":"wp","href":"https:\/\/api.w.org\/{rel}","templated":true}]}}